{"id":10,"date":"2025-09-09T13:10:03","date_gmt":"2025-09-09T11:10:03","guid":{"rendered":"http:\/\/dostepnastrona.online\/?page_id=10"},"modified":"2025-10-03T12:00:10","modified_gmt":"2025-10-03T10:00:10","slug":"home","status":"publish","type":"page","link":"https:\/\/dostepnastrona.online\/","title":{"rendered":"Dost\u0119pna strona to Pe\u0142na Zgodno\u015b\u0107 z WCAG 2.2: Zamie\u0144 Obowi\u0105zek Prawny w gwarancj\u0119 spokoju"},"content":{"rendered":"\n<div class=\"wp-block-group alignfull has-secondary-background-color has-background has-global-padding is-layout-constrained wp-container-core-group-is-layout-0bb7994d wp-block-group-is-layout-constrained\" style=\"padding-top:var(--wp--preset--spacing--content);padding-bottom:0\">\n<div class=\"wp-block-columns alignwide is-layout-flex wp-container-core-columns-is-layout-a4a9373c wp-block-columns-is-layout-flex\">\n<div class=\"wp-block-column has-global-padding is-content-justification-left is-layout-constrained wp-container-core-column-is-layout-eaaf75d1 wp-block-column-is-layout-constrained\" style=\"flex-basis:61.8%\"><h1 class=\"wp-block-post-title\">Dost\u0119pna strona to Pe\u0142na Zgodno\u015b\u0107 z WCAG 2.2: Zamie\u0144 Obowi\u0105zek Prawny w gwarancj\u0119 spokoju<\/h1>\n\n\n<div class=\"wp-block-group has-global-padding is-content-justification-left is-layout-constrained wp-container-core-group-is-layout-5687bee6 wp-block-group-is-layout-constrained\">\n<p class=\"has-l-font-size\">Od 28 czerwca 2025 nowe przepisy o dost\u0119pno\u015bci cyfrowej obejm\u0105 Tw\u00f3j biznes. Zapewnij pe\u0142n\u0105 zgodno\u015b\u0107, uniknij kar i otw\u00f3rz si\u0119 na nowych klient\u00f3w dzi\u0119ki naszemu certyfikowanemu procesowi.<\/p>\n\n\n\n<div class=\"wp-block-buttons is-layout-flex wp-block-buttons-is-layout-flex\">\n<div class=\"wp-block-button\"><a class=\"wp-block-button__link has-primary-background-color has-background wp-element-button\" href=\"\/kontakt\">Zam\u00f3w Bezp\u0142atn\u0105  Analiz\u0119 Zgodno\u015bci \u2192<\/a><\/div>\n<\/div>\n<\/div>\n<\/div>\n\n\n\n<div class=\"wp-block-column is-layout-flow wp-block-column-is-layout-flow\" style=\"flex-basis:38.2%\">\n<blockquote class=\"wp-block-quote is-layout-flow wp-block-quote-is-layout-flow\">\n<figure class=\"wp-block-image size-full\"><img loading=\"lazy\" decoding=\"async\" width=\"457\" height=\"710\" src=\"http:\/\/dostepnastrona.online\/wp-content\/uploads\/2025\/10\/dostepna-strona-oferta-telefon-2.png\" alt=\"certyfikat dost\u0119pno\u015bci wcag strony www\" class=\"wp-image-155\" srcset=\"https:\/\/dostepnastrona.online\/wp-content\/uploads\/2025\/10\/dostepna-strona-oferta-telefon-2.png 457w, https:\/\/dostepnastrona.online\/wp-content\/uploads\/2025\/10\/dostepna-strona-oferta-telefon-2-193x300.png 193w\" sizes=\"auto, (max-width: 457px) 100vw, 457px\" \/><\/figure>\n\n\n\n<p><\/p>\n<\/blockquote>\n<\/div>\n<\/div>\n\n\n<div class=\"alignwide wp-block-template-part\">\n<figure class=\"wp-block-image alignwide size-full has-custom-border is-style-use-header-image-flip-v\" style=\"margin-top:0\"><img class=\"is-hidden\" data-src=\"https:\/\/dostepnastrona.online\/wp-content\/themes\/zooey\/assets\/images\/header\/svg-fingers.png\" hidden=\"hidden\"  alt=\"\" style=\"border-radius:0.38rem\"\/><svg style=\"border-radius:0.38rem\" xmlns=\"http:\/\/www.w3.org\/2000\/svg\" width=\"1520\" height=\"190\" aria-hidden=\"true\" class=\"svg-zooey-fingers\" viewBox=\"0 0 1520 190\"><path fill=\"var(--wp--preset--color--secondary)\" d=\"M76 0v38c0 42 34 76 76 76v38a38 38 0 1 0 76 0V38a38 38 0 0 1 38-38Zm190 0a38 38 0 0 1 38 38V0Zm114 0v38a76 76 0 1 0 152 0 38 38 0 0 1 38-38zm190 0a38 38 0 0 1 38 38v114a38 38 0 1 0 76 0v-38c42 0 76-34 76-76V0Zm266 0v38a38 38 0 0 1 38-38Zm38 0a38 38 0 0 1 38 38 76 76 0 1 0 152 0v114a38 38 0 1 0 76 0V0Zm342 0v38c0 42 34 76 76 76v38a38 38 0 1 0 76 0V38a38 38 0 0 1 38-38zm190 0a38 38 0 0 1 38 38V0Z\" \/><path fill=\"var(--wp--preset--color--primary)\" d=\"M0 0v76a38 38 0 1 0 76 0V0Zm152 0v114c42 0 76-34 76-76V0Zm76 38a38 38 0 1 0 76 0c0-21-17-38-38-38s-38 17-38 38Zm76 0v38a38 38 0 1 0 76 0v76a38 38 0 1 0 76 0V0H304Zm76 114c0-21-17-38-38-38s-38 17-38 38a38 38 0 1 0 76 0zM570 0a38 38 0 1 0 38 38c0-21-17-38-38-38zm38 38c0 42 34 76 76 76V0h-76ZM760 0v76a38 38 0 1 0 76 0V0Zm76 38a38 38 0 1 0 76 0c0-21-17-38-38-38s-38 17-38 38Zm38 38c-21 0-38 17-38 38v38a38 38 0 1 0 76 0v-38c0-21-17-38-38-38Zm190-76v76a38 38 0 1 0 76 0v76a38 38 0 1 0 76 0V0Zm0 76c0-21-17-38-38-38s-38 17-38 38a38 38 0 1 0 76 0zm228-76v114c42 0 76-34 76-76V0Zm76 38a38 38 0 1 0 76 0c0-21-17-38-38-38s-38 17-38 38Zm38 38a38 38 0 1 0 38 38c0-21-17-38-38-38zm38-76v52a38 38 0 1 0 76 0V0Z\" \/><\/svg><\/figure>\n\n<\/div><\/div>\n\n\n\n<div class=\"wp-block-columns alignfull is-layout-flex wp-container-core-columns-is-layout-28f84493 wp-block-columns-is-layout-flex\">\n<div class=\"wp-block-column is-layout-flow wp-block-column-is-layout-flow\">\n<h3 class=\"wp-block-heading\">zaufali nam mi\u0119dzy innymi:<\/h3>\n<\/div>\n\n\n\n<div class=\"wp-block-column minusik is-layout-flow wp-block-column-is-layout-flow\"><style id=\"sp_lcp_dynamic_css178\">div#logo-carousel-free-178.logo-carousel-free .sp-lc-logo{border: 0px solid #dddddd;border-radius: 0px;overflow: hidden;}div#logo-carousel-free-178.logo-carousel-free .sp-lc-logo:hover{border-color: #16a08b;}#logo-carousel-free-178.sp-lc-container .sp-lc-pagination .swiper-pagination-bullet {background-color: #dddddd;margin: 0 4px;}#logo-carousel-free-178.sp-lc-container .sp-lc-pagination .swiper-pagination-bullet.swiper-pagination-bullet-active{background-color: #16a08b; }#logo-carousel-free-178.sp-lc-container .sp-logo-carousel {padding-top: 46px;}#logo-carousel-free-178.sp-lc-container .sp-lc-button-prev,#logo-carousel-free-178.sp-lc-container .sp-lc-button-next {color: #ffffff;background: #dd9933;border: 1px solid #ffffff;line-height: 28px;}#logo-carousel-free-178.sp-lc-container .sp-lc-button-prev:hover,#logo-carousel-free-178.sp-lc-container .sp-lc-button-next:hover{background-color: #dd9933;color: #ffffff;border-color: #ffffff;}@media only screen and (max-width: 576px) {} .logo-carousel-free-area#logo-carousel-free-178{position: relative;}#lcp-preloader-178{position: absolute;left: 0;top: 0;height: 100%;width: 100%;text-align: center;display: flex;align-items: center;justify-content: center;background: #fff;z-index: 9999;} .logo-carousel-free-area#logo-carousel-free-178 .sp-logo-carousel-section-title{margin-bottom: 30px;}#logo-carousel-free-178 .sp-lc-grid-container { justify-content: left; align-items: center; } #logo-carousel-free-178 .swiper-wrapper .swiper-slide { align-self: center; }#logo-carousel-free-178 .sp-lc-grid-container {margin-left: -4px;margin-right: -4px;width: calc( 100% + 8px);}#logo-carousel-free-178 .sp-lc-grid-container [class*=\"lc-col\"] {padding-left: 4px;padding-right: 4px;padding-bottom: 8px;}@media screen and (min-width: 1200px ){.logo-carousel-free-area#logo-carousel-free-178 .sp-logo-carousel:not([class*=\"-initialized\"]) > .swiper-wrapper {display: flex;width: calc( 100% + 8px );}.logo-carousel-free-area#logo-carousel-free-178 .sp-logo-carousel:not([class*=\"-initialized\"]) > .swiper-wrapper > .swiper-slide {width: 25%;padding-right: 8px;}}<\/style>\n<div id='logo-carousel-free-178' class=\"logo-carousel-free logo-carousel-free-area sp-lc-container\">\n\t\t\t<div id=\"lcp-preloader-178\" class=\"sp-logo-carousel-preloader\"><img decoding=\"async\" src=\"https:\/\/dostepnastrona.online\/wp-content\/plugins\/logo-carousel-free\/admin\/assets\/images\/spinner.svg\" class=\"skip-lazy\" alt=\"Loader Image\"\/><\/div>\n\t\t\t<div id=\"sp-logo-carousel-id-178\" class=\"swiper-container sp-logo-carousel  lcp-preloader\" dir=\"ltr\" data-carousel='{ \"speed\":600,\"spaceBetween\": 8, \"autoplay\": true, \"infinite\":true, \"autoplay_speed\": 3000, \"stop_onHover\": true, \"pagination\": true, \"navigation\": true, \"MobileNav\": true, \"MobilePagi\": true, \"simulateTouch\": true,\"freeMode\": false,\"swipeToSlide\": false, \"carousel_accessibility\": true,\"adaptiveHeight\": false,\"allowTouchMove\": true, \"slidesPerView\": { \"lg_desktop\": 4, \"desktop\": 3, \"tablet\": 2, \"mobile\": 1, \"mobile_landscape\": 2 } }' data-carousel-starts-onscreen=\"false\">\n\t\t<div class=\"swiper-wrapper\">\n\t\t\t\t<div class=\"swiper-slide\"><div class=\"sp-lc-logo\"><img loading=\"lazy\" decoding=\"async\" src=\"https:\/\/dostepnastrona.online\/wp-content\/uploads\/2025\/10\/client1.jpg\" title=\"\" alt=\"audyt sytemu\" width=\"400\" height=\"166\" class=\"sp-lc-image skip-lazy\"><\/div><\/div>\n\t\t<div class=\"swiper-slide\"><div class=\"sp-lc-logo\"><img loading=\"lazy\" decoding=\"async\" src=\"https:\/\/dostepnastrona.online\/wp-content\/uploads\/2025\/10\/client2.jpg\" title=\"\" alt=\"wykonanie dost\u0119pnej strony bip\" width=\"400\" height=\"166\" class=\"sp-lc-image skip-lazy\"><\/div><\/div>\n\t\t<div class=\"swiper-slide\"><div class=\"sp-lc-logo\"><img loading=\"lazy\" decoding=\"async\" src=\"https:\/\/dostepnastrona.online\/wp-content\/uploads\/2025\/10\/client7.jpg\" title=\"\" alt=\"wykonanie audytu wcag dost\u0119no\u015bci\" width=\"400\" height=\"166\" class=\"sp-lc-image skip-lazy\"><\/div><\/div>\n\t\t<div class=\"swiper-slide\"><div class=\"sp-lc-logo\"><img loading=\"lazy\" decoding=\"async\" src=\"https:\/\/dostepnastrona.online\/wp-content\/uploads\/2025\/10\/client4.jpg\" title=\"\" alt=\"audyt dost\u0119pno\u015bci\" width=\"400\" height=\"166\" class=\"sp-lc-image skip-lazy\"><\/div><\/div>\n\t\t<div class=\"swiper-slide\"><div class=\"sp-lc-logo\"><img loading=\"lazy\" decoding=\"async\" src=\"https:\/\/dostepnastrona.online\/wp-content\/uploads\/2025\/10\/client3.jpg\" title=\"\" alt=\"dostosowanie strony www do wcag\" width=\"400\" height=\"166\" class=\"sp-lc-image skip-lazy\"><\/div><\/div>\n\t\t<div class=\"swiper-slide\"><div class=\"sp-lc-logo\"><img loading=\"lazy\" decoding=\"async\" src=\"https:\/\/dostepnastrona.online\/wp-content\/uploads\/2025\/10\/clinet5.jpg\" title=\"\" alt=\"wykonanie audytu dost\u0119no\u015bci cyfrowej\" width=\"246\" height=\"166\" class=\"sp-lc-image skip-lazy\"><\/div><\/div>\n\t\t<div class=\"swiper-slide\"><div class=\"sp-lc-logo\"><img loading=\"lazy\" decoding=\"async\" src=\"https:\/\/dostepnastrona.online\/wp-content\/uploads\/2025\/10\/client9.jpg\" title=\"\" alt=\"wykonanie audytu wcag dost\u0119no\u015bci cyfrowej\" width=\"246\" height=\"166\" class=\"sp-lc-image skip-lazy\"><\/div><\/div>\n\t\t\t<\/div>\n\n\t\t\t\t\t<div class=\"sp-lc-pagination swiper-pagination dots\"><\/div>\n\t\t\t\t\t\t<div class=\"sp-lc-button-next\"><i class=\"fa fa-angle-right\"><\/i><\/div>\n\t\t\t<div class=\"sp-lc-button-prev\"><i class=\"fa fa-angle-left\"><\/i><\/div>\n\t\t\t\t<\/div>\n<\/div>\n\n<\/div>\n<\/div>\n\n\n\n<div style=\"height:var(--wp--preset--spacing--xl)\" aria-hidden=\"true\" class=\"wp-block-spacer\"><\/div>\n\n\n\n<div class=\"wp-block-group alignfull has-global-padding is-layout-constrained wp-block-group-is-layout-constrained\">\n<div class=\"wp-block-columns alignfull is-layout-flex wp-container-core-columns-is-layout-28f84493 wp-block-columns-is-layout-flex\">\n<div class=\"wp-block-column is-layout-flow wp-block-column-is-layout-flow\">\n<h2 class=\"wp-block-heading\">Nasz 3-etapowy Proces: Przejrzysta <mark class=\"has-inline-color has-primary-color\">Droga do Pe\u0142nej Zgodno\u015bci<\/mark> i Certyfikacji WCAG.<\/h2>\n<\/div>\n<\/div>\n\n\n\n<div class=\"wp-block-columns alignwide is-layout-flex wp-container-core-columns-is-layout-15c97201 wp-block-columns-is-layout-flex\">\n<div class=\"wp-block-column is-layout-flow wp-container-core-column-is-layout-168482ca wp-block-column-is-layout-flow\">\n<p class=\"has-secondary-color has-text-color has-link-color has-supplemental-font-family wp-elements-fb78f4de8879f3a9842dcd15c3ef33d7\" style=\"margin-bottom:var(--wp--preset--spacing--m);font-size:8em;line-height:1\">01<\/p>\n\n\n\n<h2 class=\"wp-block-heading\" style=\"margin-top:0\">Ekspercki Audyt Dost\u0119pno\u015bci Cyfrowej<\/h2>\n\n\n\n<p>Just a short sentence. This is just a demo text you should overwrite. Write your own copy\u2026<\/p>\n<\/div>\n\n\n\n<div class=\"wp-block-column is-layout-flow wp-container-core-column-is-layout-168482ca wp-block-column-is-layout-flow\">\n<p class=\"has-secondary-color has-text-color has-link-color has-supplemental-font-family wp-elements-c6f4861790c55400ca29bb052e994718\" style=\"margin-bottom:var(--wp--preset--spacing--m);font-size:8em;line-height:1\">02<\/p>\n\n\n\n<h2 class=\"wp-block-heading\" style=\"margin-top:0\">Wsparcie Wdro\u017ceniowe i Konsultacje<\/h2>\n\n\n\n<p>Just a short sentence. This is just a demo text you should overwrite. Write your own copy\u2026<\/p>\n<\/div>\n\n\n\n<div class=\"wp-block-column is-layout-flow wp-container-core-column-is-layout-168482ca wp-block-column-is-layout-flow\">\n<p class=\"has-secondary-color has-text-color has-link-color has-supplemental-font-family wp-elements-36c984098bf4c25cde9d7f1e95ab935e\" style=\"margin-bottom:var(--wp--preset--spacing--m);font-size:8em;line-height:1\">03<\/p>\n\n\n\n<h2 class=\"wp-block-heading\" style=\"margin-top:0\">Certyfikacja zgodno\u015bci i  publikacja <\/h2>\n\n\n\n<p>Just a short sentence. This is just a demo text you should overwrite. Write your own copy\u2026<\/p>\n<\/div>\n<\/div>\n<\/div>\n\n\n\n<div style=\"height:var(--wp--preset--spacing--content)\" aria-hidden=\"true\" class=\"wp-block-spacer\"><\/div>\n\n\n\n<div class=\"wp-block-columns alignfull is-layout-flex wp-container-core-columns-is-layout-5c84e687 wp-block-columns-is-layout-flex\" style=\"margin-top:0;padding-right:0;padding-left:0\">\n<div class=\"wp-block-column is-layout-flow wp-block-column-is-layout-flow\" style=\"flex-basis:44%\">\n<div class=\"wp-block-group has-secondary-background-color has-background is-vertical is-content-justification-center is-layout-flex wp-container-core-group-is-layout-951efe42 wp-block-group-is-layout-flex wp-container-1 is-position-sticky\" style=\"min-height:100vh;padding-top:var(--wp--preset--spacing--content);padding-right:var(--wp--preset--spacing--l);padding-bottom:var(--wp--preset--spacing--content);padding-left:var(--wp--preset--spacing--l)\">\n<div class=\"wp-block-group has-global-padding is-layout-constrained wp-container-core-group-is-layout-b42d8546 wp-block-group-is-layout-constrained\">\n<h2 class=\"wp-block-heading has-m-font-size\" style=\"text-transform:uppercase\">wykonamy lub dostosujemy twoj\u0105 stron\u0119 do wymog\u00f3w ustawowych wcag 2.2 oraz dyrektywy eaa<\/h2>\n\n\n\n<p class=\"has-xxxl-font-size\" style=\"line-height:1.3\">Zaufali Nam Liderzy Sektora Publicznego. Nasz Certyfikat to Twoja Gwarancja Spokoju<\/p>\n\n\n\n<ul class=\"wp-block-list is-style-checkmark\">\n<li>Just a short sentence<\/li>\n\n\n\n<li>Write your own copy text here<\/li>\n\n\n\n<li>Just a short sentence<\/li>\n\n\n\n<li>Write your own copy text here<\/li>\n\n\n\n<li>Just a short sentence<\/li>\n<\/ul>\n<\/div>\n<\/div>\n<\/div>\n\n\n\n<div class=\"wp-block-column is-layout-flow wp-container-core-column-is-layout-8a368f38 wp-block-column-is-layout-flow\">\n<div class=\"wp-block-group is-layout-flow wp-block-group-is-layout-flow wp-container-2 is-position-sticky\">\n<figure class=\"wp-block-image size-medium has-custom-border is-fullwidth\"><img loading=\"lazy\" decoding=\"async\" width=\"300\" height=\"248\" src=\"http:\/\/dostepnastrona.online\/wp-content\/uploads\/2025\/10\/dostepna-strona-gminy-300x248.jpg\" alt=\"wykonanie dost\u0119pnej strony WWW wcag dla gminy\" class=\"wp-image-208\" style=\"border-radius:0px\" srcset=\"https:\/\/dostepnastrona.online\/wp-content\/uploads\/2025\/10\/dostepna-strona-gminy-300x248.jpg 300w, https:\/\/dostepnastrona.online\/wp-content\/uploads\/2025\/10\/dostepna-strona-gminy-1024x847.jpg 1024w, https:\/\/dostepnastrona.online\/wp-content\/uploads\/2025\/10\/dostepna-strona-gminy-768x635.jpg 768w, https:\/\/dostepnastrona.online\/wp-content\/uploads\/2025\/10\/dostepna-strona-gminy.jpg 1200w\" sizes=\"auto, (max-width: 300px) 100vw, 300px\" \/><\/figure>\n<\/div>\n\n\n\n<div class=\"wp-block-group is-layout-flow wp-block-group-is-layout-flow wp-container-3 is-position-sticky\">\n<figure class=\"wp-block-image size-medium has-custom-border is-fullwidth\"><img loading=\"lazy\" decoding=\"async\" width=\"300\" height=\"248\" src=\"http:\/\/dostepnastrona.online\/wp-content\/uploads\/2025\/10\/dostepna-strona-przychodnia-300x248.jpg\" alt=\"wykonanie dost\u0119pnej strony www WCAG dla przychodni\" class=\"wp-image-209\" style=\"border-radius:0px;aspect-ratio:1;object-fit:cover\" srcset=\"https:\/\/dostepnastrona.online\/wp-content\/uploads\/2025\/10\/dostepna-strona-przychodnia-300x248.jpg 300w, https:\/\/dostepnastrona.online\/wp-content\/uploads\/2025\/10\/dostepna-strona-przychodnia-1024x847.jpg 1024w, https:\/\/dostepnastrona.online\/wp-content\/uploads\/2025\/10\/dostepna-strona-przychodnia-768x635.jpg 768w, https:\/\/dostepnastrona.online\/wp-content\/uploads\/2025\/10\/dostepna-strona-przychodnia.jpg 1200w\" sizes=\"auto, (max-width: 300px) 100vw, 300px\" \/><\/figure>\n<\/div>\n\n\n\n<div class=\"wp-block-group is-layout-flow wp-block-group-is-layout-flow wp-container-4 is-position-sticky\">\n<figure class=\"wp-block-image size-medium has-custom-border is-fullwidth\"><img loading=\"lazy\" decoding=\"async\" width=\"300\" height=\"248\" src=\"http:\/\/dostepnastrona.online\/wp-content\/uploads\/2025\/10\/dostepna-strona-szpital-300x248.jpg\" alt=\"\" class=\"wp-image-210\" style=\"border-radius:0px;aspect-ratio:1;object-fit:cover\" srcset=\"https:\/\/dostepnastrona.online\/wp-content\/uploads\/2025\/10\/dostepna-strona-szpital-300x248.jpg 300w, https:\/\/dostepnastrona.online\/wp-content\/uploads\/2025\/10\/dostepna-strona-szpital-1024x847.jpg 1024w, https:\/\/dostepnastrona.online\/wp-content\/uploads\/2025\/10\/dostepna-strona-szpital-768x635.jpg 768w, https:\/\/dostepnastrona.online\/wp-content\/uploads\/2025\/10\/dostepna-strona-szpital.jpg 1200w\" sizes=\"auto, (max-width: 300px) 100vw, 300px\" \/><\/figure>\n<\/div>\n<\/div>\n<\/div>\n\n\n\n<div style=\"height:var(--wp--preset--spacing--content)\" aria-hidden=\"true\" class=\"wp-block-spacer\"><\/div>\n\n\n\n<div class=\"wp-block-group alignfull has-global-padding is-layout-constrained wp-block-group-is-layout-constrained\">\n<h2 class=\"wp-block-heading is-style-screen-reader-text\">Some text<\/h2>\n\n\n\n<figure class=\"wp-block-gallery alignwide has-nested-images columns-4 wp-block-gallery-5 is-layout-flex wp-block-gallery-is-layout-flex\">\n<figure class=\"wp-block-image size-medium\"><img loading=\"lazy\" decoding=\"async\" width=\"300\" height=\"143\" data-id=\"212\" src=\"http:\/\/dostepnastrona.online\/wp-content\/uploads\/2025\/10\/epad-logo-ham-slo-300x143.jpg\" alt=\"eksperci dost\u0119pno\u015bci cyfrowej wcag strony www audyty e-pad.pl\" class=\"wp-image-212\" srcset=\"https:\/\/dostepnastrona.online\/wp-content\/uploads\/2025\/10\/epad-logo-ham-slo-300x143.jpg 300w, https:\/\/dostepnastrona.online\/wp-content\/uploads\/2025\/10\/epad-logo-ham-slo.jpg 369w\" sizes=\"auto, (max-width: 300px) 100vw, 300px\" \/><\/figure>\n\n\n\n<figure class=\"wp-block-image size-full\"><img loading=\"lazy\" decoding=\"async\" width=\"270\" height=\"106\" data-id=\"214\" src=\"http:\/\/dostepnastrona.online\/wp-content\/uploads\/2025\/10\/certyfikat-dostepnosci-jbb2-1.png\" alt=\"certyfikat dost\u0119pno\u015bci wcag jednostka bez barier\" class=\"wp-image-214\"\/><\/figure>\n\n\n\n<figure class=\"wp-block-image size-full\"><img loading=\"lazy\" decoding=\"async\" width=\"267\" height=\"79\" data-id=\"216\" src=\"http:\/\/dostepnastrona.online\/wp-content\/uploads\/2025\/10\/akcess-duze.png\" alt=\"dost\u0119pny bip wcag akcessnet.eu\" class=\"wp-image-216\"\/><\/figure>\n<\/figure>\n<\/div>\n\n\n\n<div style=\"height:var(--wp--preset--spacing--content)\" aria-hidden=\"true\" class=\"wp-block-spacer\"><\/div>\n\n\n\n<div class=\"wp-block-group alignfull has-global-padding is-layout-constrained wp-block-group-is-layout-constrained\">\n<div class=\"wp-block-columns alignwide is-layout-flex wp-container-core-columns-is-layout-15c97201 wp-block-columns-is-layout-flex\">\n<div class=\"wp-block-column is-layout-flow wp-block-column-is-layout-flow\" style=\"flex-basis:61.8%\">\n<p class=\"has-contrast-alt-color has-text-color has-link-color has-supplemental-font-family has-h-3-font-size wp-elements-15d21013a315618997c9e24167d2cc8b\" style=\"font-style:normal;font-weight:700;line-height:1.2\">Just a short sentence. This is just a demo text you should overwrite. Write your own copy text here. This is just a demo text you should overwrite. Write your own copy text here.\u2026<\/p>\n<\/div>\n\n\n\n<div class=\"wp-block-column is-layout-flow wp-block-column-is-layout-flow\" style=\"flex-basis:38.2%\">\n<p>Just a short sentence. This is just a demo text you should overwrite. Write your own copy text here. This is just a demo text you should overwrite. Write your own copy text here. Just a short sentence. This is just a demo text you should overwrite. Write your own copy\u2026<\/p>\n\n\n\n<p>Just a short sentence. This is just a demo text you should overwrite. Write your own copy text here. This is just a demo text you should overwrite. Write your\u2026<\/p>\n<\/div>\n<\/div>\n<\/div>\n\n\n\n<div style=\"height:var(--wp--preset--spacing--content)\" aria-hidden=\"true\" class=\"wp-block-spacer\"><\/div>\n\n\n\n<figure class=\"wp-block-image alignwide size-full has-custom-border is-style-use-header-image\" style=\"margin-top:0\"><img class=\"is-hidden\" data-src=\"https:\/\/dostepnastrona.online\/wp-content\/themes\/zooey\/assets\/images\/header\/svg-fingers.png\" hidden=\"hidden\"  alt=\"\" style=\"border-radius:0.38rem\"\/><svg style=\"border-radius:0.38rem\" xmlns=\"http:\/\/www.w3.org\/2000\/svg\" width=\"1520\" height=\"190\" aria-hidden=\"true\" class=\"svg-zooey-fingers\" viewBox=\"0 0 1520 190\"><path fill=\"var(--wp--preset--color--secondary)\" d=\"M76 0v38c0 42 34 76 76 76v38a38 38 0 1 0 76 0V38a38 38 0 0 1 38-38Zm190 0a38 38 0 0 1 38 38V0Zm114 0v38a76 76 0 1 0 152 0 38 38 0 0 1 38-38zm190 0a38 38 0 0 1 38 38v114a38 38 0 1 0 76 0v-38c42 0 76-34 76-76V0Zm266 0v38a38 38 0 0 1 38-38Zm38 0a38 38 0 0 1 38 38 76 76 0 1 0 152 0v114a38 38 0 1 0 76 0V0Zm342 0v38c0 42 34 76 76 76v38a38 38 0 1 0 76 0V38a38 38 0 0 1 38-38zm190 0a38 38 0 0 1 38 38V0Z\" \/><path fill=\"var(--wp--preset--color--primary)\" d=\"M0 0v76a38 38 0 1 0 76 0V0Zm152 0v114c42 0 76-34 76-76V0Zm76 38a38 38 0 1 0 76 0c0-21-17-38-38-38s-38 17-38 38Zm76 0v38a38 38 0 1 0 76 0v76a38 38 0 1 0 76 0V0H304Zm76 114c0-21-17-38-38-38s-38 17-38 38a38 38 0 1 0 76 0zM570 0a38 38 0 1 0 38 38c0-21-17-38-38-38zm38 38c0 42 34 76 76 76V0h-76ZM760 0v76a38 38 0 1 0 76 0V0Zm76 38a38 38 0 1 0 76 0c0-21-17-38-38-38s-38 17-38 38Zm38 38c-21 0-38 17-38 38v38a38 38 0 1 0 76 0v-38c0-21-17-38-38-38Zm190-76v76a38 38 0 1 0 76 0v76a38 38 0 1 0 76 0V0Zm0 76c0-21-17-38-38-38s-38 17-38 38a38 38 0 1 0 76 0zm228-76v114c42 0 76-34 76-76V0Zm76 38a38 38 0 1 0 76 0c0-21-17-38-38-38s-38 17-38 38Zm38 38a38 38 0 1 0 38 38c0-21-17-38-38-38zm38-76v52a38 38 0 1 0 76 0V0Z\" \/><\/svg><\/figure>\n\n\n\n<div style=\"height:var(--wp--preset--spacing--content)\" aria-hidden=\"true\" class=\"wp-block-spacer\"><\/div>\n\n\n\n<div class=\"wp-block-group alignfull has-global-padding is-layout-constrained wp-container-core-group-is-layout-b70cd49e wp-block-group-is-layout-constrained\" style=\"margin-top:0\">\n<h2 class=\"wp-block-heading has-text-align-center\">This is title text and it may be a bit long?<\/h2>\n\n\n\n<p class=\"has-text-align-center\">Just a short sentence. This is just a demo text you should\u2026<\/p>\n\n\n\n<div class=\"wp-block-buttons is-content-justification-center is-layout-flex wp-container-core-buttons-is-layout-6bf15eba wp-block-buttons-is-layout-flex\" style=\"margin-top:var(--wp--preset--spacing--m)\">\n<div class=\"wp-block-button\"><a class=\"wp-block-button__link has-m-font-size has-custom-font-size wp-element-button\" href=\"#0\">Click here \u2192<\/a><\/div>\n<\/div>\n<\/div>\n","protected":false},"excerpt":{"rendered":"<p>Od 28 czerwca 2025 nowe przepisy o dost\u0119pno\u015bci cyfrowej obejm\u0105 Tw\u00f3j biznes. Zapewnij pe\u0142n\u0105 zgodno\u015b\u0107, uniknij kar i otw\u00f3rz si\u0119 na nowych klient\u00f3w dzi\u0119ki naszemu certyfikowanemu procesowi. zaufali nam mi\u0119dzy innymi: Nasz&hellip;<\/p>\n","protected":false},"author":1,"featured_media":8,"parent":0,"menu_order":0,"comment_status":"closed","ping_status":"closed","template":"custom-no-intro","meta":{"footnotes":""},"class_list":["post-10","page","type-page","status-publish","has-post-thumbnail","hentry"],"_links":{"self":[{"href":"https:\/\/dostepnastrona.online\/index.php?rest_route=\/wp\/v2\/pages\/10","targetHints":{"allow":["GET"]}}],"collection":[{"href":"https:\/\/dostepnastrona.online\/index.php?rest_route=\/wp\/v2\/pages"}],"about":[{"href":"https:\/\/dostepnastrona.online\/index.php?rest_route=\/wp\/v2\/types\/page"}],"author":[{"embeddable":true,"href":"https:\/\/dostepnastrona.online\/index.php?rest_route=\/wp\/v2\/users\/1"}],"replies":[{"embeddable":true,"href":"https:\/\/dostepnastrona.online\/index.php?rest_route=%2Fwp%2Fv2%2Fcomments&post=10"}],"version-history":[{"count":26,"href":"https:\/\/dostepnastrona.online\/index.php?rest_route=\/wp\/v2\/pages\/10\/revisions"}],"predecessor-version":[{"id":224,"href":"https:\/\/dostepnastrona.online\/index.php?rest_route=\/wp\/v2\/pages\/10\/revisions\/224"}],"wp:featuredmedia":[{"embeddable":true,"href":"https:\/\/dostepnastrona.online\/index.php?rest_route=\/wp\/v2\/media\/8"}],"wp:attachment":[{"href":"https:\/\/dostepnastrona.online\/index.php?rest_route=%2Fwp%2Fv2%2Fmedia&parent=10"}],"curies":[{"name":"wp","href":"https:\/\/api.w.org\/{rel}","templated":true}]}}